{"id":1036,"date":"2025-03-13T10:25:03","date_gmt":"2025-03-13T10:25:03","guid":{"rendered":"https:\/\/www.taksitampere.fi\/priser\/"},"modified":"2025-04-19T06:44:22","modified_gmt":"2025-04-19T06:44:22","slug":"priser","status":"publish","type":"page","link":"https:\/\/www.taksitampere.fi\/sv\/priser\/","title":{"rendered":"Priser"},"content":{"rendered":"","protected":false},"excerpt":{"rendered":"","protected":false},"author":1,"featured_media":0,"parent":0,"menu_order":0,"comment_status":"closed","ping_status":"closed","template":"","meta":{"_acf_changed":false,"inline_featured_image":false,"footnotes":""},"class_list":["post-1036","page","type-page","status-publish","hentry"],"acf":[],"yoast_head":"<!-- This site is optimized with the Yoast SEO Premium plugin v27.4 (Yoast SEO v27.4) - https:\/\/yoast.com\/product\/yoast-seo-premium-wordpress\/ -->\n<title>Priser - Taxi Tampere<\/title>\n<meta name=\"description\" content=\"V\u00e5r priss\u00e4ttning \u00e4r alltid konstant, s\u00e5 det f\u00f6rekommer inga obehagliga \u00f6verraskningar. Bekanta dig med v\u00e5r prislista och priskalkylatorn.\" \/>\n<meta name=\"robots\" content=\"index, follow, max-snippet:-1, max-image-preview:large, max-video-preview:-1\" \/>\n<link rel=\"canonical\" href=\"https:\/\/www.taksitampere.fi\/sv\/priser\/\" \/>\n<meta property=\"og:locale\" content=\"sv_SE\" \/>\n<meta property=\"og:type\" content=\"article\" \/>\n<meta property=\"og:title\" content=\"Priser\" \/>\n<meta property=\"og:description\" content=\"V\u00e5r priss\u00e4ttning \u00e4r alltid konstant, s\u00e5 det f\u00f6rekommer inga obehagliga \u00f6verraskningar. Bekanta dig med v\u00e5r prislista och priskalkylatorn.\" \/>\n<meta property=\"og:url\" content=\"https:\/\/www.taksitampere.fi\/sv\/priser\/\" \/>\n<meta property=\"og:site_name\" content=\"taksitampere\" \/>\n<meta property=\"article:publisher\" content=\"https:\/\/www.facebook.com\/taksitampere\/\" \/>\n<meta property=\"article:modified_time\" content=\"2025-04-19T06:44:22+00:00\" \/>\n<meta property=\"og:image\" content=\"https:\/\/www.taksitampere.fi\/wp-content\/uploads\/2025\/04\/taksi-tampere-asemapaikat-600x399-1.jpg\" \/>\n\t<meta property=\"og:image:width\" content=\"600\" \/>\n\t<meta property=\"og:image:height\" content=\"399\" \/>\n\t<meta property=\"og:image:type\" content=\"image\/jpeg\" \/>\n<meta name=\"twitter:card\" content=\"summary_large_image\" \/>\n<meta name=\"twitter:label1\" content=\"Ber\u00e4knad l\u00e4stid\" \/>\n\t<meta name=\"twitter:data1\" content=\"2 minuter\" \/>\n<script type=\"application\/ld+json\" class=\"yoast-schema-graph\">{\"@context\":\"https:\\\/\\\/schema.org\",\"@graph\":[{\"@type\":\"WebPage\",\"@id\":\"https:\\\/\\\/www.taksitampere.fi\\\/sv\\\/priser\\\/\",\"url\":\"https:\\\/\\\/www.taksitampere.fi\\\/sv\\\/priser\\\/\",\"name\":\"Priser - Taxi Tampere\",\"isPartOf\":{\"@id\":\"https:\\\/\\\/www.taksitampere.fi\\\/#website\"},\"datePublished\":\"2025-03-13T10:25:03+00:00\",\"dateModified\":\"2025-04-19T06:44:22+00:00\",\"description\":\"V\u00e5r priss\u00e4ttning \u00e4r alltid konstant, s\u00e5 det f\u00f6rekommer inga obehagliga \u00f6verraskningar. Bekanta dig med v\u00e5r prislista och priskalkylatorn.\",\"breadcrumb\":{\"@id\":\"https:\\\/\\\/www.taksitampere.fi\\\/sv\\\/priser\\\/#breadcrumb\"},\"inLanguage\":\"sv-SE\",\"potentialAction\":[{\"@type\":\"ReadAction\",\"target\":[\"https:\\\/\\\/www.taksitampere.fi\\\/sv\\\/priser\\\/\"]}]},{\"@type\":\"BreadcrumbList\",\"@id\":\"https:\\\/\\\/www.taksitampere.fi\\\/sv\\\/priser\\\/#breadcrumb\",\"itemListElement\":[{\"@type\":\"ListItem\",\"position\":1,\"name\":\"Etusivu\",\"item\":\"https:\\\/\\\/www.taksitampere.fi\\\/sv\\\/\"},{\"@type\":\"ListItem\",\"position\":2,\"name\":\"Priser\"}]},{\"@type\":\"WebSite\",\"@id\":\"https:\\\/\\\/www.taksitampere.fi\\\/#website\",\"url\":\"https:\\\/\\\/www.taksitampere.fi\\\/\",\"name\":\"Taksi Tampere\",\"description\":\"Taksi Tampere on 24\\\/7 palveleva tilausv&auml;lityskeskus. Taksin tilaus onnistuu numerosta p. 0100 4131 (2,84 &euro;\\\/puh + 0,55 &euro;\\\/min + pvm\\\/mpm) tai maksutta Taksi Tampere -sovelluksella, jonka voit ladata puhelimesi sovelluskaupasta.\",\"publisher\":{\"@id\":\"https:\\\/\\\/www.taksitampere.fi\\\/#organization\"},\"alternateName\":\"https:\\\/\\\/www.taksitampere.fi\\\/\",\"potentialAction\":[{\"@type\":\"SearchAction\",\"target\":{\"@type\":\"EntryPoint\",\"urlTemplate\":\"https:\\\/\\\/www.taksitampere.fi\\\/?s={search_term_string}\"},\"query-input\":{\"@type\":\"PropertyValueSpecification\",\"valueRequired\":true,\"valueName\":\"search_term_string\"}}],\"inLanguage\":\"sv-SE\"},{\"@type\":[\"Organization\",\"Place\",\"TaxiStand\"],\"@id\":\"https:\\\/\\\/www.taksitampere.fi\\\/#organization\",\"name\":\"Tampereen Aluetaksi Oy\",\"alternateName\":\"Taksi Tampere\",\"url\":\"https:\\\/\\\/www.taksitampere.fi\\\/\",\"logo\":{\"@id\":\"https:\\\/\\\/www.taksitampere.fi\\\/sv\\\/priser\\\/#local-main-organization-logo\"},\"image\":{\"@id\":\"https:\\\/\\\/www.taksitampere.fi\\\/sv\\\/priser\\\/#local-main-organization-logo\"},\"sameAs\":[\"https:\\\/\\\/www.facebook.com\\\/taksitampere\\\/\",\"https:\\\/\\\/www.youtube.com\\\/channel\\\/UCkCLFeOkh5W54WjprBOyXtw\",\"https:\\\/\\\/instagram.com\\\/taksitampere\",\"https:\\\/\\\/www.linkedin.com\\\/company\\\/taksi-tampere\"],\"address\":{\"@id\":\"https:\\\/\\\/www.taksitampere.fi\\\/sv\\\/priser\\\/#local-main-place-address\"},\"geo\":{\"@type\":\"GeoCoordinates\",\"latitude\":\"61.493677\",\"longitude\":\"23.829647\"},\"telephone\":[\"01004131\",\"010 4765 600\"],\"openingHoursSpecification\":{\"@type\":\"OpeningHoursSpecification\",\"dayOfWeek\":[\"Monday\",\"Tuesday\",\"Wednesday\",\"Thursday\",\"Friday\",\"Saturday\",\"Sunday\"],\"opens\":\"00:00\",\"closes\":\"23:59\"},\"email\":\"info@taksitampere.fi\",\"vatID\":\"FI08296221\"},{\"@type\":\"PostalAddress\",\"@id\":\"https:\\\/\\\/www.taksitampere.fi\\\/sv\\\/priser\\\/#local-main-place-address\",\"streetAddress\":\"Sammon valtatie 7\",\"addressLocality\":\"Tampere\",\"postalCode\":\"33530\",\"addressRegion\":\"Pirkanmaa\",\"addressCountry\":\"FI\"},{\"@type\":\"ImageObject\",\"inLanguage\":\"sv-SE\",\"@id\":\"https:\\\/\\\/www.taksitampere.fi\\\/sv\\\/priser\\\/#local-main-organization-logo\",\"url\":\"https:\\\/\\\/www.taksitampere.fi\\\/wp-content\\\/uploads\\\/2025\\\/03\\\/logo-taksitampere.png\",\"contentUrl\":\"https:\\\/\\\/www.taksitampere.fi\\\/wp-content\\\/uploads\\\/2025\\\/03\\\/logo-taksitampere.png\",\"width\":394,\"height\":224,\"caption\":\"Tampereen Aluetaksi Oy\"}]}<\/script>\n<meta name=\"geo.placename\" content=\"Tampere\" \/>\n<meta name=\"geo.position\" content=\"61.493677;23.829647\" \/>\n<meta name=\"geo.region\" content=\"Finland\" \/>\n<!-- \/ Yoast SEO Premium plugin. -->","yoast_head_json":{"title":"Priser - Taxi Tampere","description":"V\u00e5r priss\u00e4ttning \u00e4r alltid konstant, s\u00e5 det f\u00f6rekommer inga obehagliga \u00f6verraskningar. Bekanta dig med v\u00e5r prislista och priskalkylatorn.","robots":{"index":"index","follow":"follow","max-snippet":"max-snippet:-1","max-image-preview":"max-image-preview:large","max-video-preview":"max-video-preview:-1"},"canonical":"https:\/\/www.taksitampere.fi\/sv\/priser\/","og_locale":"sv_SE","og_type":"article","og_title":"Priser","og_description":"V\u00e5r priss\u00e4ttning \u00e4r alltid konstant, s\u00e5 det f\u00f6rekommer inga obehagliga \u00f6verraskningar. Bekanta dig med v\u00e5r prislista och priskalkylatorn.","og_url":"https:\/\/www.taksitampere.fi\/sv\/priser\/","og_site_name":"taksitampere","article_publisher":"https:\/\/www.facebook.com\/taksitampere\/","article_modified_time":"2025-04-19T06:44:22+00:00","og_image":[{"width":600,"height":399,"url":"https:\/\/www.taksitampere.fi\/wp-content\/uploads\/2025\/04\/taksi-tampere-asemapaikat-600x399-1.jpg","type":"image\/jpeg"}],"twitter_card":"summary_large_image","twitter_misc":{"Ber\u00e4knad l\u00e4stid":"2 minuter"},"schema":{"@context":"https:\/\/schema.org","@graph":[{"@type":"WebPage","@id":"https:\/\/www.taksitampere.fi\/sv\/priser\/","url":"https:\/\/www.taksitampere.fi\/sv\/priser\/","name":"Priser - Taxi Tampere","isPartOf":{"@id":"https:\/\/www.taksitampere.fi\/#website"},"datePublished":"2025-03-13T10:25:03+00:00","dateModified":"2025-04-19T06:44:22+00:00","description":"V\u00e5r priss\u00e4ttning \u00e4r alltid konstant, s\u00e5 det f\u00f6rekommer inga obehagliga \u00f6verraskningar. Bekanta dig med v\u00e5r prislista och priskalkylatorn.","breadcrumb":{"@id":"https:\/\/www.taksitampere.fi\/sv\/priser\/#breadcrumb"},"inLanguage":"sv-SE","potentialAction":[{"@type":"ReadAction","target":["https:\/\/www.taksitampere.fi\/sv\/priser\/"]}]},{"@type":"BreadcrumbList","@id":"https:\/\/www.taksitampere.fi\/sv\/priser\/#breadcrumb","itemListElement":[{"@type":"ListItem","position":1,"name":"Etusivu","item":"https:\/\/www.taksitampere.fi\/sv\/"},{"@type":"ListItem","position":2,"name":"Priser"}]},{"@type":"WebSite","@id":"https:\/\/www.taksitampere.fi\/#website","url":"https:\/\/www.taksitampere.fi\/","name":"Taksi Tampere","description":"Taksi Tampere on 24\/7 palveleva tilausv&auml;lityskeskus. Taksin tilaus onnistuu numerosta p. 0100 4131 (2,84 &euro;\/puh + 0,55 &euro;\/min + pvm\/mpm) tai maksutta Taksi Tampere -sovelluksella, jonka voit ladata puhelimesi sovelluskaupasta.","publisher":{"@id":"https:\/\/www.taksitampere.fi\/#organization"},"alternateName":"https:\/\/www.taksitampere.fi\/","potentialAction":[{"@type":"SearchAction","target":{"@type":"EntryPoint","urlTemplate":"https:\/\/www.taksitampere.fi\/?s={search_term_string}"},"query-input":{"@type":"PropertyValueSpecification","valueRequired":true,"valueName":"search_term_string"}}],"inLanguage":"sv-SE"},{"@type":["Organization","Place","TaxiStand"],"@id":"https:\/\/www.taksitampere.fi\/#organization","name":"Tampereen Aluetaksi Oy","alternateName":"Taksi Tampere","url":"https:\/\/www.taksitampere.fi\/","logo":{"@id":"https:\/\/www.taksitampere.fi\/sv\/priser\/#local-main-organization-logo"},"image":{"@id":"https:\/\/www.taksitampere.fi\/sv\/priser\/#local-main-organization-logo"},"sameAs":["https:\/\/www.facebook.com\/taksitampere\/","https:\/\/www.youtube.com\/channel\/UCkCLFeOkh5W54WjprBOyXtw","https:\/\/instagram.com\/taksitampere","https:\/\/www.linkedin.com\/company\/taksi-tampere"],"address":{"@id":"https:\/\/www.taksitampere.fi\/sv\/priser\/#local-main-place-address"},"geo":{"@type":"GeoCoordinates","latitude":"61.493677","longitude":"23.829647"},"telephone":["01004131","010 4765 600"],"openingHoursSpecification":{"@type":"OpeningHoursSpecification","dayOfWeek":["Monday","Tuesday","Wednesday","Thursday","Friday","Saturday","Sunday"],"opens":"00:00","closes":"23:59"},"email":"info@taksitampere.fi","vatID":"FI08296221"},{"@type":"PostalAddress","@id":"https:\/\/www.taksitampere.fi\/sv\/priser\/#local-main-place-address","streetAddress":"Sammon valtatie 7","addressLocality":"Tampere","postalCode":"33530","addressRegion":"Pirkanmaa","addressCountry":"FI"},{"@type":"ImageObject","inLanguage":"sv-SE","@id":"https:\/\/www.taksitampere.fi\/sv\/priser\/#local-main-organization-logo","url":"https:\/\/www.taksitampere.fi\/wp-content\/uploads\/2025\/03\/logo-taksitampere.png","contentUrl":"https:\/\/www.taksitampere.fi\/wp-content\/uploads\/2025\/03\/logo-taksitampere.png","width":394,"height":224,"caption":"Tampereen Aluetaksi Oy"}]},"geo.placename":"Tampere","geo.position":{"lat":"61.493677","long":"23.829647"},"geo.region":"Finland"},"_links":{"self":[{"href":"https:\/\/www.taksitampere.fi\/sv\/wp-json\/wp\/v2\/pages\/1036","targetHints":{"allow":["GET"]}}],"collection":[{"href":"https:\/\/www.taksitampere.fi\/sv\/wp-json\/wp\/v2\/pages"}],"about":[{"href":"https:\/\/www.taksitampere.fi\/sv\/wp-json\/wp\/v2\/types\/page"}],"author":[{"embeddable":true,"href":"https:\/\/www.taksitampere.fi\/sv\/wp-json\/wp\/v2\/users\/1"}],"replies":[{"embeddable":true,"href":"https:\/\/www.taksitampere.fi\/sv\/wp-json\/wp\/v2\/comments?post=1036"}],"version-history":[{"count":1,"href":"https:\/\/www.taksitampere.fi\/sv\/wp-json\/wp\/v2\/pages\/1036\/revisions"}],"predecessor-version":[{"id":1038,"href":"https:\/\/www.taksitampere.fi\/sv\/wp-json\/wp\/v2\/pages\/1036\/revisions\/1038"}],"wp:attachment":[{"href":"https:\/\/www.taksitampere.fi\/sv\/wp-json\/wp\/v2\/media?parent=1036"}],"curies":[{"name":"wp","href":"https:\/\/api.w.org\/{rel}","templated":true}]}}